{"id":944,"date":"2025-10-16T19:03:47","date_gmt":"2025-10-16T19:03:47","guid":{"rendered":"https:\/\/ineswiese.com\/?page_id=944"},"modified":"2025-10-29T20:24:25","modified_gmt":"2025-10-29T20:24:25","slug":"cv","status":"publish","type":"page","link":"https:\/\/ineswiese.com\/en\/biografia\/cv\/","title":{"rendered":"Resume"},"content":{"rendered":"<div data-elementor-type=\"wp-page\" data-elementor-id=\"944\" class=\"elementor elementor-944\" data-elementor-post-type=\"page\">\n\t\t\t\t<div class=\"elementor-element elementor-element-c8573b1 e-con-full e-flex e-con e-parent\" data-id=\"c8573b1\" data-element_type=\"container\" data-e-type=\"container\" data-settings=\"{&quot;background_background&quot;:&quot;classic&quot;}\">\n\t\t\t\t<\/div>\n\t\t<div class=\"elementor-element elementor-element-8bd5115 e-flex e-con-boxed e-con e-parent\" data-id=\"8bd5115\" data-element_type=\"container\" data-e-type=\"container\" data-settings=\"{&quot;background_background&quot;:&quot;classic&quot;}\">\n\t\t\t\t\t<div class=\"e-con-inner\">\n\t\t\t\t\t<\/div>\n\t\t\t\t<\/div>\n\t\t<div class=\"elementor-element elementor-element-0b6be95 e-flex e-con-boxed e-con e-parent\" data-id=\"0b6be95\" data-element_type=\"container\" data-e-type=\"container\">\n\t\t\t\t\t<div class=\"e-con-inner\">\n\t\t\t\t<div class=\"elementor-element elementor-element-a7c4989 elementor-widget elementor-widget-text-editor\" data-id=\"a7c4989\" data-element_type=\"widget\" data-e-type=\"widget\" data-widget_type=\"text-editor.default\">\n\t\t\t\t\t\t\t\t\t<p><strong>STUDIES<\/strong><\/p><p>PONTIFICIA UNIVERSIDAD CATO\u0301LICA DEL PERU\u0301 Lima, Peru. 2013-2020<br \/>Painting Specialty, 2015, Sculpture Specialty, 2016-2020, Bachelor in Art with mention in Sculpture, 2020.<br \/>ACADEMIC ACCOMPLISHMENTS: Adolfo Winternitz Award for Academic Excellence. 2014, 2017, 2018.<\/p><p><strong>SHORT COURSES\/ SEMINARS<\/strong><\/p><p>\u201cAn Introduction to Psychoanalysis\u201d, Thalia Chlimper, Centro Cultural de la Pontificia Universidad Cat\u00f3lica del Per\u00fa (CCPUCP), 2021, \u201cContemporary Peruvian Poetry Volume III\u201d,Mateo Diaz, Teresa Cabrera, Santiago Vera and Jorge Frisancho, La Balanza Editorial, 2020, \u201cContemporary Peruvian Poetry Volume I\u201d, Santiago Vera, Teresa Cabrera, Cristian Brice\u00f1o and Rodrigo Vera, La Balanza Editorial, 2020 ,\u201cMemories from the interior body\u201d, Antonio Pareja, Pontificia Universidad Cat\u00f3lica del Per\u00fa (PUCP), 2019, \u201cReading Marx\u2019s Capital\u201d, David Harvey, Pontificia Universidad Cat\u00f3lica del Per\u00fa (PUCP), 2019, \u201cThe Idea of Space in Contemporary Art and Architecture\u201d, Javier Maderuelo, Pontificia Universidad Cat\u00f3lica del Per\u00fa (PUCP), 2019, \u201cDrawing: A Tool Workshop\u201d, Raimond Chaves, Pontificia Universidad Cat\u00f3lica del Per\u00fa (PUCP), 2018<\/p><p><strong>WORK EXPERIENCE<\/strong><\/p><p>2024 - present day: Visual arts production, 2018 - present day: Entrepreneur. Jewellery manufacture and design, general management, photo editing, graphic design, accounting, 2014 - present day: Manufacture, management and sale of independent art pieces in a variety of mediums (drawings, paintings, sculptures, photographs, etc), 2020 - 2020: Principal teacher and assistant at private atelier, 2019 - 2020: Volunteer at Instituto Nacional de Neopl\u00e1sicas (INEN). Taught arts and crafts in pediatrics, 2015 - 2020: Planning and teaching of short art and crafts courses directed to both groups and individuals, 2013 - 2014: Peri\u00f3dico Altavoz. Redaction (The Academy, column). In charge of research and content generation. Proofreading for other contributors, 2012-2013: Volunteer at Ponle Coraz\u00f3n, children\u2019s pavilion, INEN and Scipi\u00f3n Llona School, 2009 - 2012: Private teacher of Art, Science, Literature, English and Spanish (San Silvestre curriculum).<\/p>\t\t\t\t\t\t\t\t<\/div>\n\t\t\t\t\t<\/div>\n\t\t\t\t<\/div>\n\t\t\t\t<\/div>","protected":false},"excerpt":{"rendered":"<p>ESTUDIOS PONTIFICIA UNIVERSIDAD CAT\u00d3LICA DEL PER\u00da Lima, Per\u00fa. 2013-2020Especialidad en Pintura, 2015, Especialidad en Escultura, 2016-2020, Licenciatura en Arte con [&hellip;]<\/p>\n","protected":false},"author":1,"featured_media":0,"parent":90,"menu_order":0,"comment_status":"closed","ping_status":"closed","template":"","meta":{"site-sidebar-layout":"no-sidebar","site-content-layout":"","ast-site-content-layout":"full-width-container","site-content-style":"default","site-sidebar-style":"default","ast-global-header-display":"","ast-banner-title-visibility":"","ast-main-header-display":"","ast-hfb-above-header-display":"","ast-hfb-below-header-display":"","ast-hfb-mobile-header-display":"","site-post-title":"","ast-breadcrumbs-content":"","ast-featured-img":"disabled","footer-sml-layout":"","ast-disable-related-posts":"","theme-transparent-header-meta":"","adv-header-id-meta":"","stick-header-meta":"","header-above-stick-meta":"","header-main-stick-meta":"","header-below-stick-meta":"","astra-migrate-meta-layouts":"default","ast-page-background-enabled":"default","ast-page-background-meta":{"desktop":{"background-color":"var(--ast-global-color-5)","background-image":"","background-repeat":"repeat","background-position":"center center","background-size":"auto","background-attachment":"scroll","background-type":"","background-media":"","overlay-type":"","overlay-color":"","overlay-opacity":"","overlay-gradient":""},"tablet":{"background-color":"","background-image":"","background-repeat":"repeat","background-position":"center center","background-size":"auto","background-attachment":"scroll","background-type":"","background-media":"","overlay-type":"","overlay-color":"","overlay-opacity":"","overlay-gradient":""},"mobile":{"background-color":"","background-image":"","background-repeat":"repeat","background-position":"center center","background-size":"auto","background-attachment":"scroll","background-type":"","background-media":"","overlay-type":"","overlay-color":"","overlay-opacity":"","overlay-gradient":""}},"ast-content-background-meta":{"desktop":{"background-color":"var(--ast-global-color-4)","background-image":"","background-repeat":"repeat","background-position":"center center","background-size":"auto","background-attachment":"scroll","background-type":"","background-media":"","overlay-type":"","overlay-color":"","overlay-opacity":"","overlay-gradient":""},"tablet":{"background-color":"var(--ast-global-color-4)","background-image":"","background-repeat":"repeat","background-position":"center center","background-size":"auto","background-attachment":"scroll","background-type":"","background-media":"","overlay-type":"","overlay-color":"","overlay-opacity":"","overlay-gradient":""},"mobile":{"background-color":"var(--ast-global-color-4)","background-image":"","background-repeat":"repeat","background-position":"center center","background-size":"auto","background-attachment":"scroll","background-type":"","background-media":"","overlay-type":"","overlay-color":"","overlay-opacity":"","overlay-gradient":""}},"footnotes":""},"class_list":["post-944","page","type-page","status-publish","hentry"],"_links":{"self":[{"href":"https:\/\/ineswiese.com\/en\/wp-json\/wp\/v2\/pages\/944","targetHints":{"allow":["GET"]}}],"collection":[{"href":"https:\/\/ineswiese.com\/en\/wp-json\/wp\/v2\/pages"}],"about":[{"href":"https:\/\/ineswiese.com\/en\/wp-json\/wp\/v2\/types\/page"}],"author":[{"embeddable":true,"href":"https:\/\/ineswiese.com\/en\/wp-json\/wp\/v2\/users\/1"}],"replies":[{"embeddable":true,"href":"https:\/\/ineswiese.com\/en\/wp-json\/wp\/v2\/comments?post=944"}],"version-history":[{"count":49,"href":"https:\/\/ineswiese.com\/en\/wp-json\/wp\/v2\/pages\/944\/revisions"}],"predecessor-version":[{"id":1804,"href":"https:\/\/ineswiese.com\/en\/wp-json\/wp\/v2\/pages\/944\/revisions\/1804"}],"up":[{"embeddable":true,"href":"https:\/\/ineswiese.com\/en\/wp-json\/wp\/v2\/pages\/90"}],"wp:attachment":[{"href":"https:\/\/ineswiese.com\/en\/wp-json\/wp\/v2\/media?parent=944"}],"curies":[{"name":"wp","href":"https:\/\/api.w.org\/{rel}","templated":true}]}}