{"id":942,"date":"2025-10-16T19:03:01","date_gmt":"2025-10-16T19:03:01","guid":{"rendered":"https:\/\/ineswiese.com\/?page_id=942"},"modified":"2025-10-29T20:19:56","modified_gmt":"2025-10-29T20:19:56","slug":"declaracion","status":"publish","type":"page","link":"https:\/\/ineswiese.com\/en\/biografia\/declaracion\/","title":{"rendered":"Statement"},"content":{"rendered":"<div data-elementor-type=\"wp-page\" data-elementor-id=\"942\" class=\"elementor elementor-942\" data-elementor-post-type=\"page\">\n\t\t\t\t<div class=\"elementor-element elementor-element-68ff94a e-con-full e-flex e-con e-parent\" data-id=\"68ff94a\" data-element_type=\"container\" data-e-type=\"container\" data-settings=\"{&quot;background_background&quot;:&quot;classic&quot;}\">\n\t\t\t\t<\/div>\n\t\t<div class=\"elementor-element elementor-element-1537e14 e-flex e-con-boxed e-con e-parent\" data-id=\"1537e14\" data-element_type=\"container\" data-e-type=\"container\" data-settings=\"{&quot;background_background&quot;:&quot;classic&quot;}\">\n\t\t\t\t\t<div class=\"e-con-inner\">\n\t\t\t\t\t<\/div>\n\t\t\t\t<\/div>\n\t\t<div class=\"elementor-element elementor-element-9c6f1f9 e-flex e-con-boxed e-con e-parent\" data-id=\"9c6f1f9\" data-element_type=\"container\" data-e-type=\"container\">\n\t\t\t\t\t<div class=\"e-con-inner\">\n\t\t<div class=\"elementor-element elementor-element-2d29556 e-con-full e-flex e-con e-child\" data-id=\"2d29556\" data-element_type=\"container\" data-e-type=\"container\">\n\t\t\t\t<div class=\"elementor-element elementor-element-2fb5a00 elementor-hidden-desktop elementor-hidden-tablet elementor-hidden-mobile elementor-widget elementor-widget-text-editor\" data-id=\"2fb5a00\" data-element_type=\"widget\" data-e-type=\"widget\" data-widget_type=\"text-editor.default\">\n\t\t\t\t\t\t\t\t\t<div><span class=\"texteditor-inline-color\">My artistic practice looks into the dialectic between dreaming and reality, it examines the way in which imagination and experience intertwine to generate images that move away from the representation of reality.<\/span><\/div>\t\t\t\t\t\t\t\t<\/div>\n\t\t\t\t<div class=\"elementor-element elementor-element-38ab218 elementor-widget elementor-widget-text-editor\" data-id=\"38ab218\" data-element_type=\"widget\" data-e-type=\"widget\" data-widget_type=\"text-editor.default\">\n\t\t\t\t\t\t\t\t\t<div><span class=\"texteditor-inline-color\">My artistic practice looks into the dialectic between dreaming and reality, it examines the way in which imagination and experience intertwine to generate images that move away from the representation of reality.<\/span><\/div><div><span class=\"texteditor-inline-color\">\u00a0<\/span><\/div><div><span class=\"texteditor-inline-color\">The feeling of disconnection from our immediate reality that occurs during the moment of daydreaming, generates in us images or fantasies spontaneously and often without conscious control. As in a dream, the state of daydreaming expresses the desires of the one who experiences it.<\/span><\/div><div>\u00a0<\/div><div><span class=\"texteditor-inline-color\">Imagination, on the other hand, plays a fundamental role in the construction of knowledge of the tangible world as it allows us to devise new perspectives or theoretical frameworks to understand it. Imagination is, furthermore, the faculty through which we build our sensitive universe - one that can be externalized through the artistic practice.<\/span><\/div><div>\u00a0<\/div><div><span class=\"texteditor-inline-color\">Imagination builds bridges between our mind and the world so that, through it, we can position ourselves in a place of personal and unique enunciation. The artistic endeavor is, for me, an act of transmutation through which desire -characterized by absence- and the undefined, take shape to become something beautiful and significant.<\/span><\/div>\t\t\t\t\t\t\t\t<\/div>\n\t\t\t\t<\/div>\n\t\t\t\t<div class=\"elementor-element elementor-element-2b4a1c9 elementor-widget elementor-widget-image\" data-id=\"2b4a1c9\" data-element_type=\"widget\" data-e-type=\"widget\" data-widget_type=\"image.default\">\n\t\t\t\t\t\t\t\t\t\t\t\t\t\t\t<img fetchpriority=\"high\" decoding=\"async\" width=\"683\" height=\"1024\" src=\"https:\/\/ineswiese.com\/wp-content\/uploads\/2025\/10\/WhatsApp-Image-2025-10-28-at-12.59.35-PM-683x1024.jpeg\" class=\"attachment-large size-large wp-image-1628\" alt=\"\" srcset=\"https:\/\/ineswiese.com\/wp-content\/uploads\/2025\/10\/WhatsApp-Image-2025-10-28-at-12.59.35-PM-683x1024.jpeg 683w, https:\/\/ineswiese.com\/wp-content\/uploads\/2025\/10\/WhatsApp-Image-2025-10-28-at-12.59.35-PM-200x300.jpeg 200w, https:\/\/ineswiese.com\/wp-content\/uploads\/2025\/10\/WhatsApp-Image-2025-10-28-at-12.59.35-PM-768x1151.jpeg 768w, https:\/\/ineswiese.com\/wp-content\/uploads\/2025\/10\/WhatsApp-Image-2025-10-28-at-12.59.35-PM-8x12.jpeg 8w, https:\/\/ineswiese.com\/wp-content\/uploads\/2025\/10\/WhatsApp-Image-2025-10-28-at-12.59.35-PM.jpeg 854w\" sizes=\"(max-width: 683px) 100vw, 683px\" \/>\t\t\t\t\t\t\t\t\t\t\t\t\t\t\t<\/div>\n\t\t\t\t\t<\/div>\n\t\t\t\t<\/div>\n\t\t\t\t<\/div>","protected":false},"excerpt":{"rendered":"<p>Mi pr\u00e1ctica art\u00edstica se inscribe en la dial\u00e9ctica entre la enso\u00f1aci\u00f3n y la realidad. Busca examinar la forma en la [&hellip;]<\/p>\n","protected":false},"author":1,"featured_media":0,"parent":90,"menu_order":0,"comment_status":"closed","ping_status":"closed","template":"","meta":{"site-sidebar-layout":"no-sidebar","site-content-layout":"","ast-site-content-layout":"full-width-container","site-content-style":"default","site-sidebar-style":"default","ast-global-header-display":"","ast-banner-title-visibility":"","ast-main-header-display":"","ast-hfb-above-header-display":"","ast-hfb-below-header-display":"","ast-hfb-mobile-header-display":"","site-post-title":"","ast-breadcrumbs-content":"","ast-featured-img":"disabled","footer-sml-layout":"","ast-disable-related-posts":"","theme-transparent-header-meta":"","adv-header-id-meta":"","stick-header-meta":"","header-above-stick-meta":"","header-main-stick-meta":"","header-below-stick-meta":"","astra-migrate-meta-layouts":"default","ast-page-background-enabled":"default","ast-page-background-meta":{"desktop":{"background-color":"var(--ast-global-color-5)","background-image":"","background-repeat":"repeat","background-position":"center center","background-size":"auto","background-attachment":"scroll","background-type":"","background-media":"","overlay-type":"","overlay-color":"","overlay-opacity":"","overlay-gradient":""},"tablet":{"background-color":"","background-image":"","background-repeat":"repeat","background-position":"center center","background-size":"auto","background-attachment":"scroll","background-type":"","background-media":"","overlay-type":"","overlay-color":"","overlay-opacity":"","overlay-gradient":""},"mobile":{"background-color":"","background-image":"","background-repeat":"repeat","background-position":"center center","background-size":"auto","background-attachment":"scroll","background-type":"","background-media":"","overlay-type":"","overlay-color":"","overlay-opacity":"","overlay-gradient":""}},"ast-content-background-meta":{"desktop":{"background-color":"var(--ast-global-color-4)","background-image":"","background-repeat":"repeat","background-position":"center center","background-size":"auto","background-attachment":"scroll","background-type":"","background-media":"","overlay-type":"","overlay-color":"","overlay-opacity":"","overlay-gradient":""},"tablet":{"background-color":"var(--ast-global-color-4)","background-image":"","background-repeat":"repeat","background-position":"center center","background-size":"auto","background-attachment":"scroll","background-type":"","background-media":"","overlay-type":"","overlay-color":"","overlay-opacity":"","overlay-gradient":""},"mobile":{"background-color":"var(--ast-global-color-4)","background-image":"","background-repeat":"repeat","background-position":"center center","background-size":"auto","background-attachment":"scroll","background-type":"","background-media":"","overlay-type":"","overlay-color":"","overlay-opacity":"","overlay-gradient":""}},"footnotes":""},"class_list":["post-942","page","type-page","status-publish","hentry"],"_links":{"self":[{"href":"https:\/\/ineswiese.com\/en\/wp-json\/wp\/v2\/pages\/942","targetHints":{"allow":["GET"]}}],"collection":[{"href":"https:\/\/ineswiese.com\/en\/wp-json\/wp\/v2\/pages"}],"about":[{"href":"https:\/\/ineswiese.com\/en\/wp-json\/wp\/v2\/types\/page"}],"author":[{"embeddable":true,"href":"https:\/\/ineswiese.com\/en\/wp-json\/wp\/v2\/users\/1"}],"replies":[{"embeddable":true,"href":"https:\/\/ineswiese.com\/en\/wp-json\/wp\/v2\/comments?post=942"}],"version-history":[{"count":124,"href":"https:\/\/ineswiese.com\/en\/wp-json\/wp\/v2\/pages\/942\/revisions"}],"predecessor-version":[{"id":1795,"href":"https:\/\/ineswiese.com\/en\/wp-json\/wp\/v2\/pages\/942\/revisions\/1795"}],"up":[{"embeddable":true,"href":"https:\/\/ineswiese.com\/en\/wp-json\/wp\/v2\/pages\/90"}],"wp:attachment":[{"href":"https:\/\/ineswiese.com\/en\/wp-json\/wp\/v2\/media?parent=942"}],"curies":[{"name":"wp","href":"https:\/\/api.w.org\/{rel}","templated":true}]}}