{"id":90,"date":"2025-09-26T16:30:05","date_gmt":"2025-09-26T16:30:05","guid":{"rendered":"https:\/\/ineswiese.com\/?page_id=90"},"modified":"2025-10-29T20:22:33","modified_gmt":"2025-10-29T20:22:33","slug":"biografia","status":"publish","type":"page","link":"https:\/\/ineswiese.com\/en\/biografia\/","title":{"rendered":"Biography"},"content":{"rendered":"<div data-elementor-type=\"wp-page\" data-elementor-id=\"90\" class=\"elementor elementor-90\" data-elementor-post-type=\"page\">\n\t\t\t\t<div class=\"elementor-element elementor-element-6ba25a9 e-con-full e-flex e-con e-parent\" data-id=\"6ba25a9\" data-element_type=\"container\" data-e-type=\"container\" data-settings=\"{&quot;background_background&quot;:&quot;classic&quot;}\">\n\t\t\t\t<\/div>\n\t\t<div class=\"elementor-element elementor-element-807f1d5 e-flex e-con-boxed e-con e-parent\" data-id=\"807f1d5\" data-element_type=\"container\" data-e-type=\"container\" data-settings=\"{&quot;background_background&quot;:&quot;classic&quot;}\">\n\t\t\t\t\t<div class=\"e-con-inner\">\n\t\t\t\t\t<\/div>\n\t\t\t\t<\/div>\n\t\t<div class=\"elementor-element elementor-element-8938d6d e-flex e-con-boxed e-con e-parent\" data-id=\"8938d6d\" data-element_type=\"container\" data-e-type=\"container\">\n\t\t\t\t\t<div class=\"e-con-inner\">\n\t\t\t\t<div class=\"elementor-element elementor-element-be13750 elementor-widget elementor-widget-text-editor\" data-id=\"be13750\" data-element_type=\"widget\" data-e-type=\"widget\" data-widget_type=\"text-editor.default\">\n\t\t\t\t\t\t\t\t\t<div><span class=\"texteditor-inline-color\">In\u00e9s is a visual artist based in Lima, Peru, where she currently works as a visual artist and goldsmith. She graduated from the Pontifical Catholic University of Peru in 2020, where she was awarded the Adolfo Winternitz Prize for academic excellence in 2014, 2017, and 2019.<\/span><\/div><div>\u00a0<\/div><div><span class=\"texteditor-inline-color\">Her interdisciplinary projects are based on the premise that it is not possible to have an objective vision of reality, as it is distorted by the emotions and experiences of each individual. Her focus then is not on the objectivity of the sensory experience, but rather on the way imagination and subjectivity distort\u2014and enrich\u2014her perception of the surrounding world.<\/span><\/div><div>\u00a0<\/div><div><span class=\"texteditor-inline-color\">For her, the meaning of artistic endeavor lies not only in the production of the work itself, but in the dialogue between the artist and the viewer, who ultimately defines the works the moment they encounter them from their own experience.<\/span><\/div><div>\u00a0<\/div><div><span class=\"texteditor-inline-color\">Her work has been featured in local group exhibitions, as well as at the international art fair, Pinta Lima, 2025. Her works are part of private collections in Peru and Chile.<\/span><\/div>\t\t\t\t\t\t\t\t<\/div>\n\t\t\t\t<div class=\"elementor-element elementor-element-54b2ecc elementor-widget elementor-widget-image\" data-id=\"54b2ecc\" data-element_type=\"widget\" data-e-type=\"widget\" data-widget_type=\"image.default\">\n\t\t\t\t\t\t\t\t\t\t\t\t\t\t\t<img fetchpriority=\"high\" decoding=\"async\" width=\"1024\" height=\"683\" src=\"https:\/\/ineswiese.com\/wp-content\/uploads\/2025\/10\/cv-contact-1024x683.jpg\" class=\"attachment-large size-large wp-image-679\" alt=\"\" srcset=\"https:\/\/ineswiese.com\/wp-content\/uploads\/2025\/10\/cv-contact-1024x683.jpg 1024w, https:\/\/ineswiese.com\/wp-content\/uploads\/2025\/10\/cv-contact-300x200.jpg 300w, https:\/\/ineswiese.com\/wp-content\/uploads\/2025\/10\/cv-contact-768x512.jpg 768w, https:\/\/ineswiese.com\/wp-content\/uploads\/2025\/10\/cv-contact-1536x1024.jpg 1536w, https:\/\/ineswiese.com\/wp-content\/uploads\/2025\/10\/cv-contact-2048x1365.jpg 2048w, https:\/\/ineswiese.com\/wp-content\/uploads\/2025\/10\/cv-contact-18x12.jpg 18w\" sizes=\"(max-width: 1024px) 100vw, 1024px\" \/>\t\t\t\t\t\t\t\t\t\t\t\t\t\t\t<\/div>\n\t\t\t\t\t<\/div>\n\t\t\t\t<\/div>\n\t\t\t\t<\/div>","protected":false},"excerpt":{"rendered":"<p>In\u00e9s vive en Lima, Per\u00fa, donde actualmente se desarrolla como artista visual y orfebre. Se gradu\u00f3 de la Pontificia Universidad [&hellip;]<\/p>\n","protected":false},"author":1,"featured_media":0,"parent":0,"menu_order":0,"comment_status":"closed","ping_status":"closed","template":"","meta":{"site-sidebar-layout":"no-sidebar","site-content-layout":"","ast-site-content-layout":"full-width-container","site-content-style":"default","site-sidebar-style":"default","ast-global-header-display":"","ast-banner-title-visibility":"","ast-main-header-display":"","ast-hfb-above-header-display":"","ast-hfb-below-header-display":"","ast-hfb-mobile-header-display":"","site-post-title":"","ast-breadcrumbs-content":"","ast-featured-img":"disabled","footer-sml-layout":"","ast-disable-related-posts":"","theme-transparent-header-meta":"","adv-header-id-meta":"","stick-header-meta":"","header-above-stick-meta":"","header-main-stick-meta":"","header-below-stick-meta":"","astra-migrate-meta-layouts":"default","ast-page-background-enabled":"default","ast-page-background-meta":{"desktop":{"background-color":"var(--ast-global-color-5)","background-image":"","background-repeat":"repeat","background-position":"center center","background-size":"auto","background-attachment":"scroll","background-type":"","background-media":"","overlay-type":"","overlay-color":"","overlay-opacity":"","overlay-gradient":""},"tablet":{"background-color":"","background-image":"","background-repeat":"repeat","background-position":"center center","background-size":"auto","background-attachment":"scroll","background-type":"","background-media":"","overlay-type":"","overlay-color":"","overlay-opacity":"","overlay-gradient":""},"mobile":{"background-color":"","background-image":"","background-repeat":"repeat","background-position":"center center","background-size":"auto","background-attachment":"scroll","background-type":"","background-media":"","overlay-type":"","overlay-color":"","overlay-opacity":"","overlay-gradient":""}},"ast-content-background-meta":{"desktop":{"background-color":"var(--ast-global-color-4)","background-image":"","background-repeat":"repeat","background-position":"center center","background-size":"auto","background-attachment":"scroll","background-type":"","background-media":"","overlay-type":"","overlay-color":"","overlay-opacity":"","overlay-gradient":""},"tablet":{"background-color":"var(--ast-global-color-4)","background-image":"","background-repeat":"repeat","background-position":"center center","background-size":"auto","background-attachment":"scroll","background-type":"","background-media":"","overlay-type":"","overlay-color":"","overlay-opacity":"","overlay-gradient":""},"mobile":{"background-color":"var(--ast-global-color-4)","background-image":"","background-repeat":"repeat","background-position":"center center","background-size":"auto","background-attachment":"scroll","background-type":"","background-media":"","overlay-type":"","overlay-color":"","overlay-opacity":"","overlay-gradient":""}},"footnotes":""},"class_list":["post-90","page","type-page","status-publish","hentry"],"_links":{"self":[{"href":"https:\/\/ineswiese.com\/en\/wp-json\/wp\/v2\/pages\/90","targetHints":{"allow":["GET"]}}],"collection":[{"href":"https:\/\/ineswiese.com\/en\/wp-json\/wp\/v2\/pages"}],"about":[{"href":"https:\/\/ineswiese.com\/en\/wp-json\/wp\/v2\/types\/page"}],"author":[{"embeddable":true,"href":"https:\/\/ineswiese.com\/en\/wp-json\/wp\/v2\/users\/1"}],"replies":[{"embeddable":true,"href":"https:\/\/ineswiese.com\/en\/wp-json\/wp\/v2\/comments?post=90"}],"version-history":[{"count":114,"href":"https:\/\/ineswiese.com\/en\/wp-json\/wp\/v2\/pages\/90\/revisions"}],"predecessor-version":[{"id":1798,"href":"https:\/\/ineswiese.com\/en\/wp-json\/wp\/v2\/pages\/90\/revisions\/1798"}],"wp:attachment":[{"href":"https:\/\/ineswiese.com\/en\/wp-json\/wp\/v2\/media?parent=90"}],"curies":[{"name":"wp","href":"https:\/\/api.w.org\/{rel}","templated":true}]}}